{"id":2663,"date":"2025-11-26T19:54:56","date_gmt":"2025-11-26T18:54:56","guid":{"rendered":"https:\/\/www.landae.fr\/rechtliche-hinweise\/"},"modified":"2025-11-26T19:54:56","modified_gmt":"2025-11-26T18:54:56","slug":"rechtliche-hinweise","status":"publish","type":"page","link":"https:\/\/www.landae.fr\/de\/rechtliche-hinweise\/","title":{"rendered":"Rechtliche Hinweise"},"content":{"rendered":"\n<div class=\"wp-block-columns alignwide is-layout-flex wp-container-core-columns-is-layout-28f84493 wp-block-columns-is-layout-flex\">\n<div class=\"wp-block-column is-layout-flow wp-block-column-is-layout-flow\" style=\"flex-basis:66.66%\">\n<h2 class=\"wp-block-heading\">Rechtliche Hinweise<\/h2>\n<\/div>\n\n\n\n<div class=\"wp-block-column is-layout-flow wp-block-column-is-layout-flow\" style=\"flex-basis:33.33%\"><\/div>\n<\/div>\n\n\n\n<div class=\"wp-block-columns alignwide is-layout-flex wp-container-core-columns-is-layout-28f84493 wp-block-columns-is-layout-flex\">\n<div class=\"wp-block-column is-layout-flow wp-block-column-is-layout-flow\"><\/div>\n\n\n\n<div class=\"wp-block-column is-layout-flow wp-block-column-is-layout-flow\">\n<p>Gem\u00e4\u00df Artikel 6 des Gesetzes vom 21. Juni 2004 \u00fcber das Vertrauen in die digitale Wirtschaft informieren wir Sie, dass dieser \u00f6ffentliche Online-Kommunikationsdienst von :<\/p>\n<\/div>\n<\/div>\n\n\n\n<section class=\"wp-block-group alignfull has-global-padding is-layout-constrained wp-block-group-is-layout-constrained\">\n<div class=\"wp-block-columns alignwide is-layout-flex wp-container-core-columns-is-layout-28f84493 wp-block-columns-is-layout-flex\">\n<div class=\"wp-block-column is-layout-flow wp-block-column-is-layout-flow\">\n<h3 class=\"wp-block-heading\">Diese Website wird herausgegeben von :<\/h3>\n\n\n\n<p><strong>LANDAE St\u00e4dtischer Campingplatz Ondres-Oc\u00e9an<\/strong> mit Sitz in 221, chemin de la Montagne &#8211; 40440 Ondres<\/p>\n\n\n\n<p><strong>SIRET <\/strong>: 922 074 554 000 28<br><strong>APE-Code<\/strong>: 55.30Z<\/p>\n\n\n\n<p><strong>Telefon <\/strong>: (33)05 59 45 29 29<br><strong>E-Mail-Adresse<\/strong>: <a href=\"mailto:contact@landae.fr\">contact@landae.fr<\/a><br><strong>Publikationsdirektor<\/strong>: Sandrine PICCOLI<br><strong>Verantwortlich f\u00fcr die Seite<\/strong>: Sandrine PICCOLI<\/p>\n<\/div>\n\n\n\n<div class=\"wp-block-column is-layout-flow wp-block-column-is-layout-flow\">\n<h3 class=\"wp-block-heading\">Diese Website wird gehostet von :<\/h3>\n\n\n\n<p><strong>SARL O2Switch<\/strong><br>222 Boulevard Gustave Flaubert<br>63000 Clermond-Ferrand<\/p>\n\n\n\n<p><strong>SIRET <\/strong>: 510 909 80700024<br> Handelsregister: Clermond-Ferrand<\/p>\n\n\n\n<p><strong>Telefon <\/strong>: 04 44 44 60 40<\/p>\n<\/div>\n\n\n\n<div class=\"wp-block-column is-layout-flow wp-block-column-is-layout-flow\">\n<h3 class=\"wp-block-heading\">Erstellung der Website durch :<\/h3>\n\n\n\n<p><strong>Agentur Onokaa<\/strong><br>9 rue Montpensier<br>64000 Pau<\/p>\n\n\n\n<p><strong>SIRET <\/strong>: 83394811000030<\/p>\n\n\n\n<p><strong>Telefon <\/strong>: 07 63 48 03 30<br><strong>E-Mail-Adresse<\/strong>: contact@onokaa.com<br><strong>Website: <\/strong> https: <a href=\"https:\/\/www.onokaa.com\/\">\/\/www.onokaa.com<\/a><\/p>\n\n\n\n<h3 class=\"wp-block-heading\">Bildnachweis und grafische Identit\u00e4t<\/h3>\n\n\n\n<p>Svelt Studio<br>9 rue Montpensier<br>64000 PAU<\/p>\n\n\n\n<p><strong>Website:<\/strong> https: <a href=\"https:\/\/sveltstudio.com\/\" target=\"_blank\" rel=\"noreferrer noopener\">\/\/sveltstudio.com\/<\/a><\/p>\n<\/div>\n<\/div>\n<\/section>\n","protected":false},"excerpt":{"rendered":"<p>Rechtliche Hinweise Gem\u00e4\u00df Artikel 6 des Gesetzes vom 21. Juni 2004 \u00fcber das Vertrauen in die digitale Wirtschaft informieren wir Sie, dass dieser \u00f6ffentliche Online-Kommunikationsdienst von : Diese Website wird herausgegeben von : LANDAE St\u00e4dtischer Campingplatz Ondres-Oc\u00e9an mit Sitz in 221, chemin de la Montagne &#8211; 40440 Ondres SIRET : 922 074 554 000 28APE-Code: [&hellip;]<\/p>\n","protected":false},"author":1,"featured_media":1973,"parent":0,"menu_order":0,"comment_status":"closed","ping_status":"closed","template":"","meta":{"_acf_changed":false,"_seopress_robots_primary_cat":"","_seopress_titles_title":"","_seopress_titles_desc":"","_seopress_robots_index":"","footnotes":""},"class_list":["post-2663","page","type-page","status-publish","has-post-thumbnail"],"acf":[],"_links":{"self":[{"href":"https:\/\/www.landae.fr\/de\/wp-json\/wp\/v2\/pages\/2663","targetHints":{"allow":["GET"]}}],"collection":[{"href":"https:\/\/www.landae.fr\/de\/wp-json\/wp\/v2\/pages"}],"about":[{"href":"https:\/\/www.landae.fr\/de\/wp-json\/wp\/v2\/types\/page"}],"author":[{"embeddable":true,"href":"https:\/\/www.landae.fr\/de\/wp-json\/wp\/v2\/users\/1"}],"replies":[{"embeddable":true,"href":"https:\/\/www.landae.fr\/de\/wp-json\/wp\/v2\/comments?post=2663"}],"version-history":[{"count":0,"href":"https:\/\/www.landae.fr\/de\/wp-json\/wp\/v2\/pages\/2663\/revisions"}],"wp:featuredmedia":[{"embeddable":true,"href":"https:\/\/www.landae.fr\/de\/wp-json\/wp\/v2\/media\/1973"}],"wp:attachment":[{"href":"https:\/\/www.landae.fr\/de\/wp-json\/wp\/v2\/media?parent=2663"}],"curies":[{"name":"wp","href":"https:\/\/api.w.org\/{rel}","templated":true}]}}