{"id":2623,"date":"2025-11-26T19:52:27","date_gmt":"2025-11-26T18:52:27","guid":{"rendered":"https:\/\/www.landae.fr\/datenschutzrichtlinie\/"},"modified":"2025-11-26T19:52:27","modified_gmt":"2025-11-26T18:52:27","slug":"datenschutzrichtlinie","status":"publish","type":"page","link":"https:\/\/www.landae.fr\/de\/datenschutzrichtlinie\/","title":{"rendered":"Datenschutzrichtlinie"},"content":{"rendered":"\n<section class=\"wp-block-group alignfull has-global-padding is-layout-constrained wp-block-group-is-layout-constrained\">\n<p>Diese Datenschutzrichtlinie gilt f\u00fcr alle Arten von Informationen, die wir \u00fcber unsere Website www.landae.fr sowie \u00fcber die verschiedenen von uns genutzten sozialen Netzwerke sammeln.<\/p>\n\n\n\n<p>Diese Datenschutzrichtlinie gilt auch f\u00fcr Daten, die bei einem Telefonanruf oder einer E-Mail an unseren Kundenservice gesammelt werden.<\/p>\n\n\n\n<p>Diese Charta kann sich im Laufe der Zeit \u00e4ndern. Wir empfehlen Ihnen, diese Charta regelm\u00e4\u00dfig zu \u00fcberpr\u00fcfen, um sich \u00fcber die neuesten Aktualisierungen zu informieren. <\/p>\n\n\n\n<h2 class=\"wp-block-heading\">Wer sind wir?<\/h2>\n\n\n\n<p>LANDAE Camping municipal Ondres-Oc\u00e9an ist Eigent\u00fcmer der Website https:\/\/www.landae.fr\/.<\/p>\n\n\n\n<p>Wenn Sie Fragen zu unserer Datenschutzrichtlinie oder zur Verarbeitung Ihrer pers\u00f6nlichen Daten haben, wenden Sie sich bitte an unseren Datenschutzbeauftragten per Post an die oben genannte Adresse oder per E-Mail an contact@landae.fr.<\/p>\n\n\n\n<h2 class=\"wp-block-heading\">Verwendung der gesammelten pers\u00f6nlichen Daten<\/h2>\n\n\n\n<h3 class=\"wp-block-heading\">Welche Arten von Daten sammeln wir?<\/h3>\n\n\n\n<p>Es werden keine pers\u00f6nlichen Informationen ohne Ihr Wissen \u00fcber die verschiedenen Formulare auf dieser Website gesammelt.<\/p>\n\n\n\n<h3 class=\"wp-block-heading\">Kontaktformulare<\/h3>\n\n\n\n<p>Wenn Sie eines der Kontaktformulare auf unserer Website verwenden, um mit uns in Verbindung zu treten, werden nur die im Formular enthaltenen Daten an uns weitergeleitet. Nur die mit einem Sternchen (*) gekennzeichneten Felder sind Pflichtfelder. Diese Daten werden nur f\u00fcr die Dauer der Bearbeitung Ihrer Anfrage gespeichert und nicht an Dritte weitergegeben.  <\/p>\n\n\n\n<h3 class=\"wp-block-heading\">Kommentare<\/h3>\n\n\n\n<p>Wenn Sie einen Kommentar auf unserer Website hinterlassen, werden die Daten, die Sie in das Kommentarformular eingegeben haben, sowie Ihre IP-Adresse und der User Agent Ihres Browsers gesammelt, um uns bei der Erkennung unerw\u00fcnschter Kommentare zu helfen.<\/p>\n\n\n\n<p>Eine anonymisierte Zeichenfolge, die aus Ihrer E-Mail-Adresse erstellt wird (auch Hash genannt), kann an den Gravatar-Service gesendet werden, um zu \u00fcberpr\u00fcfen, ob Sie diesen Service nutzen. Die Datenschutzbestimmungen des Gravatar-Dienstes finden Sie hier: https:\/\/automattic.com\/privacy\/. Nachdem Sie Ihren Kommentar freigegeben haben, wird Ihr Profilbild neben Ihrem Kommentar \u00f6ffentlich sichtbar. <\/p>\n\n\n\n<h3 class=\"wp-block-heading\">Medien<\/h3>\n\n\n\n<p>Wenn Sie ein registrierter Nutzer sind und Bilder auf die Website hochladen, empfehlen wir Ihnen, das Hochladen von Bildern zu vermeiden, die EXIF-Daten von GPS-Koordinaten enthalten. Die Besucher Ihrer Website k\u00f6nnen Standortdaten aus diesen Bildern herunterladen und extrahieren. <\/p>\n\n\n\n<h3 class=\"wp-block-heading\">Cookies<\/h3>\n\n\n\n<p>Siehe den Abschnitt \u00fcber die Verwendung von Cookies weiter unten.<\/p>\n\n\n\n<h3 class=\"wp-block-heading\">Warum sammeln wir diese Daten?<\/h3>\n\n\n\n<p>Wenn Sie eines unserer Kontaktformulare verwenden, sind die gesammelten Informationen f\u00fcr uns n\u00fctzlich, um Ihnen zu antworten und Ihre Anfrage bestm\u00f6glich zu bearbeiten.<\/p>\n\n\n\n<h3 class=\"wp-block-heading\">Dauer der Speicherung von Daten<\/h3>\n\n\n\n<p>Die \u00fcber die verschiedenen Kontaktformulare gesammelten Daten werden nur f\u00fcr die Dauer der Bearbeitung Ihrer Anfrage gespeichert.<\/p>\n\n\n\n<p>Wenn Sie einen Kommentar hinterlassen, werden der Kommentar und seine Metadaten auf unbestimmte Zeit gespeichert. Dies erm\u00f6glicht es, nachfolgende Kommentare automatisch zu erkennen und freizugeben, anstatt sie in der Moderationswarteschlange zu belassen. <\/p>\n\n\n\n<p>F\u00fcr Nutzer, die sich auf unserer Website registrieren (sofern dies m\u00f6glich ist), speichern wir auch die pers\u00f6nlichen Daten, die in ihrem Profil angegeben sind. Alle Nutzer k\u00f6nnen ihre pers\u00f6nlichen Daten jederzeit einsehen, \u00e4ndern oder l\u00f6schen (mit Ausnahme ihres Benutzernamens). Auch die Betreiber der Website k\u00f6nnen diese Informationen einsehen und \u00e4ndern.  <\/p>\n\n\n\n<h3 class=\"wp-block-heading\">\u00dcbermittlung von pers\u00f6nlichen Daten<\/h3>\n\n\n\n<p>LANDAE Camping municipal Ondres-Oc\u00e9an verpflichtet sich, die \u00fcber ein Kontaktformular gesammelten pers\u00f6nlichen Informationen nicht an Dritte weiterzugeben.<\/p>\n\n\n\n<h3 class=\"wp-block-heading\">Eingebettete Inhalte von anderen Websites<\/h3>\n\n\n\n<p>Die Artikel auf dieser Website k\u00f6nnen eingebettete Inhalte enthalten (z.B. Videos, Bilder, Artikel&#8230;). Eingebettete Inhalte von anderen Websites verhalten sich so, als ob der Besucher diese andere Website besuchen w\u00fcrde. <\/p>\n\n\n\n<p>Diese Webseiten k\u00f6nnen Daten \u00fcber Sie sammeln, Cookies verwenden, Tracking-Tools von Dritten einbetten und Ihre Interaktionen mit diesen eingebetteten Inhalten verfolgen, wenn Sie ein angemeldetes Konto auf ihrer Webseite haben.<\/p>\n\n\n\n<h3 class=\"wp-block-heading\">Schutz von pers\u00f6nlichen Daten<\/h3>\n\n\n\n<p>LANDAE Camping Municipal Ondres-Oc\u00e9an stellt sicher, dass alle Gesetze (21. Juni 2014 \u00fcber das Vertrauen in die digitale Wirtschaft) und Vorschriften \u00fcber Datenschutz und Vertraulichkeit (Gesetz 78-17 \u00fcber Informatik, Dateien und Freiheiten vom 6. Januar 1978 Artikel 34) eingehalten werden (f\u00fcr alle Anfragen schreiben Sie uns bitte eine E-Mail an contact@landae.fr).<\/p>\n\n\n\n<p>Nur befugtes Personal ist berechtigt, im Rahmen seiner Arbeit auf Ihre pers\u00f6nlichen Daten zuzugreifen.<\/p>\n\n\n\n<h3 class=\"wp-block-heading\">Rechte, die Sie \u00fcber Ihre Daten haben<\/h3>\n\n\n\n<p>Wenn Sie ein Konto haben oder Kommentare auf der Website hinterlassen haben, k\u00f6nnen Sie eine Datei anfordern, die alle pers\u00f6nlichen Daten enth\u00e4lt, die wir \u00fcber Sie gespeichert haben, einschlie\u00dflich der Daten, die Sie uns zur Verf\u00fcgung gestellt haben. Sie k\u00f6nnen auch die L\u00f6schung Ihrer pers\u00f6nlichen Daten beantragen. Dies gilt nicht f\u00fcr Daten, die f\u00fcr administrative oder rechtliche Zwecke oder aus Sicherheitsgr\u00fcnden gespeichert werden.  <\/p>\n\n\n\n<p>Gem\u00e4\u00df dem Gesetz \u00fcber Informatik und Freiheiten vom 6. Januar 1978 in der ge\u00e4nderten Fassung und der Allgemeinen Europ\u00e4ischen Datenschutzverordnung 2016\/679 (RGPD) haben Sie das Recht auf Zugang, Berichtigung und L\u00f6schung Ihrer personenbezogenen Daten, das Sie durch eine E-Mail an contact@landae.fr aus\u00fcben k\u00f6nnen. Dies gilt nicht f\u00fcr Daten, die f\u00fcr administrative oder gesetzliche Zwecke oder aus Sicherheitsgr\u00fcnden gespeichert werden. <\/p>\n\n\n\n<h2 class=\"wp-block-heading\">Cookie-Richtlinie<\/h2>\n\n\n\n<h3 class=\"wp-block-heading\">Was ist ein Cookie?<\/h3>\n\n\n\n<p>Cookies sind kleine Dateien, die auf Ihrem Computer abgelegt werden, w\u00e4hrend Sie unsere Website besuchen. Diese Dateien enthalten Informationen, die die Website verwendet, um die Kommunikation zwischen Ihnen und Ihrem Browser effizienter zu gestalten.<\/p>\n\n\n\n<h3 class=\"wp-block-heading\">Warum verwenden wir Cookies?<\/h3>\n\n\n\n<p>Die Website <a href=\"https:\/\/www.landae.fr\/de\/\">https:\/\/www.landae.fr\/<\/a> verwendet Cookies f\u00fcr die statistische Analyse des Verhaltens aller ihrer Nutzer.<\/p>\n\n\n\n<p>Wenn Sie ein Konto haben und sich auf dieser Website anmelden, wird ein tempor\u00e4res Cookie erstellt, um festzustellen, ob Ihr Browser Cookies akzeptiert. Es enth\u00e4lt keine pers\u00f6nlichen Daten und wird automatisch gel\u00f6scht, wenn Sie Ihren Browser schlie\u00dfen. <\/p>\n\n\n\n<p>Wenn Sie sich einloggen, werden wir eine Reihe von Cookies setzen, um Ihre Anmeldeinformationen und Bildschirmeinstellungen zu speichern. Die Lebensdauer eines Login-Cookies betr\u00e4gt zwei Tage, die eines Cookies f\u00fcr die Bildschirmpr\u00e4ferenzen ein Jahr. Wenn Sie &#8222;An mich erinnern&#8220; ankreuzen, wird Ihr Anmelde-Cookie zwei Wochen lang gespeichert. Wenn Sie sich von Ihrem Konto abmelden, wird das Login-Cookie gel\u00f6scht.   <\/p>\n\n\n\n<p>Wenn Sie einen Artikel bearbeiten oder ver\u00f6ffentlichen, wird ein zus\u00e4tzliches Cookie in Ihrem Browser gespeichert. Dieses Cookie enth\u00e4lt keine pers\u00f6nlichen Daten. Es enth\u00e4lt lediglich die ID des Artikels, den Sie gerade bearbeitet haben. Das Cookie l\u00e4uft nach einem Tag ab.   <\/p>\n\n\n\n<h3 class=\"wp-block-heading\">Welche Cookies werden auf unserer Website verwendet?<\/h3>\n\n\n\n<h4 class=\"wp-block-heading\">Eigene Cookies :<\/h4>\n\n\n\n<ul class=\"wp-block-list\">\n<li><strong>WordPress<\/strong>:<br>Wenn Sie einen Kommentar auf unserer Website abgeben, werden Sie aufgefordert, Ihren Namen, Ihre E-Mail-Adresse und Ihre Website in Cookies zu speichern. Dies ist nur zu Ihrer Bequemlichkeit, damit Sie diese Informationen nicht eingeben m\u00fcssen, wenn Sie sp\u00e4ter einen weiteren Kommentar abgeben. Diese Cookies laufen nach einem Jahr ab. Wenn Sie ein Konto haben und sich auf dieser Website anmelden, wird ein tempor\u00e4res Cookie erstellt, um festzustellen, ob Ihr Browser Cookies akzeptiert. Es enth\u00e4lt keine pers\u00f6nlichen Daten und wird automatisch gel\u00f6scht, wenn Sie Ihren Browser schlie\u00dfen. Wenn Sie sich einloggen, werden wir eine Reihe von Cookies setzen, um Ihre Anmeldeinformationen und Bildschirmeinstellungen zu speichern. Die Lebensdauer eines Login-Cookies betr\u00e4gt zwei Tage, die eines Cookies f\u00fcr die Bildschirmpr\u00e4ferenzen ein Jahr. Wenn Sie &#8222;An mich erinnern&#8220; ankreuzen, wird Ihr Anmelde-Cookie zwei Wochen lang gespeichert. Wenn Sie sich von Ihrem Konto abmelden, wird der Anmelde-Cookie gel\u00f6scht. Wenn Sie einen Artikel bearbeiten oder ver\u00f6ffentlichen, wird ein zus\u00e4tzliches Cookie in Ihrem Browser gespeichert. Dieses Cookie enth\u00e4lt keine pers\u00f6nlichen Daten. Es enth\u00e4lt lediglich die Kennung des Artikels, den Sie gerade bearbeitet haben. Das Cookie l\u00e4uft nach einem Tag ab.            <\/li>\n\n\n\n<li><strong>Tarteaucitron<\/strong>:<br>Wir verwenden das Skript von tarteaucitron, um die Cookies auf unserer Website zu verwalten. Dieses Modul erm\u00f6glicht es Ihnen, jederzeit zu entscheiden, ob Sie die auf unserer Website verwendeten Cookies akzeptieren oder nicht, indem Sie unten links auf die Schaltfl\u00e4che &#8222;Dienste verwalten&#8220; klicken. \n<ul class=\"wp-block-list\">\n<li>Allgemeine Gesch\u00e4ftsbedingungen f\u00fcr den Dienst: https: <a href=\"https:\/\/opt-out.ferank.eu\/mentions\/\" target=\"_blank\" rel=\"noreferrer noopener\">\/\/opt-out.ferank.eu\/mentions\/<\/a><\/li>\n<\/ul>\n<\/li>\n<\/ul>\n\n\n\n<h4 class=\"wp-block-heading\">Cookies von Dritten :<\/h4>\n\n\n\n<ul class=\"wp-block-list\">\n<li><strong>Google Analytics<\/strong>: Diese Website benutzt den Webanalysedienst Google Analytics der Firma Google In. (&#8222;Google&#8220;). \n<ul class=\"wp-block-list\">\n<li>Allgemeine Gesch\u00e4ftsbedingungen finden Sie unter <a href=\"https:\/\/www.google.com\/analytics\/terms\/\" target=\"_blank\" rel=\"noreferrer noopener\">https:\/\/www.google.com\/analytics\/terms\/<\/a><\/li>\n\n\n\n<li>Datenschutzerkl\u00e4rung einsehbar unter <a href=\"https:\/\/policies.google.com\/privacy?hl=fr\" target=\"_blank\" rel=\"noreferrer noopener\">https:\/\/policies.google.com\/privacy?hl=fr<\/a><\/li>\n\n\n\n<li>Die gesammelten Daten: Besuchte Seiten, Klicks auf bestimmte Rubriken, Ursprung des Besuchs (Marketingkampagne, Google&#8230;), Suchinformationen.<\/li>\n\n\n\n<li>  Zweck: Analyse des Nutzerverhaltens in Bezug auf die angegebenen Parameter mit Hilfe von Daten, die mit Hilfe von Cookies gesammelt werden.<\/li>\n\n\n\n<li>  Deaktivierung: durch Klicken auf &#8222;Dienste verwalten&#8220;, durch Konfigurieren Ihres Browsers (*) oder durch das folgende Plugin: https: <a href=\"https:\/\/tools.google.com\/dlpage\/gaoptout\" target=\"_blank\" rel=\"noreferrer noopener\">\/\/tools.google.com\/dlpage\/gaoptout<\/a><\/li>\n<\/ul>\n<\/li>\n<\/ul>\n\n\n\n<h3 class=\"wp-block-heading\">Wie verwalte ich Cookies?<\/h3>\n\n\n\n<p>Sie k\u00f6nnen die Verwendung von Cookies jederzeit deaktivieren, indem Sie unten links auf &#8222;Dienste verwalten&#8220; klicken oder die Einstellungen Ihres Browsers \u00e4ndern. Wenn Sie diese Cookies deaktivieren, kann die Website weiterhin funktionieren. Sie werden jedoch darauf hingewiesen, dass die mit Hilfe dieser Tools gesammelten Informationen es uns erm\u00f6glichen, unsere Dienstleistungen zu verbessern.  <\/p>\n\n\n\n<p>(*) Sie k\u00f6nnen Cookies jederzeit in den Einstellungen Ihres Browsers deaktivieren:<\/p>\n\n\n\n<ul class=\"wp-block-list\">\n<li>Chrom: https: <a href=\"https:\/\/support.google.com\/chrome\/answer\/95647?hl=fr\" target=\"_blank\" rel=\"noreferrer noopener\">\/\/support.google.com\/chrome\/answer\/95647?hl=fr<\/a><\/li>\n\n\n\n<li>Internet Explorer: https: <a href=\"https:\/\/support.microsoft.com\/fr-fr\/help\/17442\/windows-internet-explorer-delete-manage-cookies\" target=\"_blank\" rel=\"noreferrer noopener\">\/\/support.microsoft.com\/fr-fr\/help\/17442\/windows-internet-explorer-delete-manage-cookies<\/a><\/li>\n\n\n\n<li>Firefox: https: <a href=\"https:\/\/support.mozilla.org\/fr\/kb\/activer-desactiver-cookies-preferences\" target=\"_blank\" rel=\"noreferrer noopener\">\/\/support.mozilla.org\/fr\/kb\/activer-desactiver-cookies-preferences<\/a><\/li>\n\n\n\n<li>Safari: https: <a href=\"https:\/\/support.apple.com\/fr-fr\/guide\/safari\/sfri11471\/mac\" target=\"_blank\" rel=\"noreferrer noopener\">\/\/support.apple.com\/fr-fr\/guide\/safari\/sfri11471\/mac<\/a><\/li>\n<\/ul>\n\n\n\n<h2 class=\"wp-block-heading\">Kontaktinformationen<\/h2>\n\n\n\n<p>F\u00fcr alle Anfragen in Bezug auf Ihre privaten Daten k\u00f6nnen Sie LANDAE Camping Municipal Ondres-Oc\u00e9an per E-Mail unter contact@landae.fr kontaktieren.<\/p>\n\n\n\n<h2 class=\"wp-block-heading\">\u00c4nderung der Datenschutzpolitik<\/h2>\n\n\n\n<p>\u00c4nderungen an der Datenschutzrichtlinie werden auf dieser Seite ver\u00f6ffentlicht. Wir bitten Sie daher, sich regelm\u00e4\u00dfig \u00fcber diese \u00c4nderungen zu informieren. \u00c4nderungen der Datenverarbeitung, die von einem Partner gemeinsam verantwortet wird, werden Ihnen ebenfalls in der von diesem Partner vorgesehenen Weise mitgeteilt.  <\/p>\n<\/section>\n","protected":false},"excerpt":{"rendered":"<p>Diese Datenschutzrichtlinie gilt f\u00fcr alle Arten von Informationen, die wir \u00fcber unsere Website www.landae.fr sowie \u00fcber die verschiedenen von uns genutzten sozialen Netzwerke sammeln. Diese Datenschutzrichtlinie gilt auch f\u00fcr Daten, die bei einem Telefonanruf oder einer E-Mail an unseren Kundenservice gesammelt werden. Diese Charta kann sich im Laufe der Zeit \u00e4ndern. Wir empfehlen Ihnen, diese [&hellip;]<\/p>\n","protected":false},"author":1,"featured_media":1630,"parent":0,"menu_order":0,"comment_status":"closed","ping_status":"open","template":"","meta":{"_acf_changed":false,"_seopress_robots_primary_cat":"","_seopress_titles_title":"","_seopress_titles_desc":"","_seopress_robots_index":"","footnotes":""},"class_list":["post-2623","page","type-page","status-publish","has-post-thumbnail"],"acf":[],"_links":{"self":[{"href":"https:\/\/www.landae.fr\/de\/wp-json\/wp\/v2\/pages\/2623","targetHints":{"allow":["GET"]}}],"collection":[{"href":"https:\/\/www.landae.fr\/de\/wp-json\/wp\/v2\/pages"}],"about":[{"href":"https:\/\/www.landae.fr\/de\/wp-json\/wp\/v2\/types\/page"}],"author":[{"embeddable":true,"href":"https:\/\/www.landae.fr\/de\/wp-json\/wp\/v2\/users\/1"}],"replies":[{"embeddable":true,"href":"https:\/\/www.landae.fr\/de\/wp-json\/wp\/v2\/comments?post=2623"}],"version-history":[{"count":0,"href":"https:\/\/www.landae.fr\/de\/wp-json\/wp\/v2\/pages\/2623\/revisions"}],"wp:featuredmedia":[{"embeddable":true,"href":"https:\/\/www.landae.fr\/de\/wp-json\/wp\/v2\/media\/1630"}],"wp:attachment":[{"href":"https:\/\/www.landae.fr\/de\/wp-json\/wp\/v2\/media?parent=2623"}],"curies":[{"name":"wp","href":"https:\/\/api.w.org\/{rel}","templated":true}]}}