{"id":2592,"date":"2025-12-04T10:17:19","date_gmt":"2025-12-04T09:17:19","guid":{"rendered":"https:\/\/www.landae.fr\/agb\/"},"modified":"2025-12-04T10:17:19","modified_gmt":"2025-12-04T09:17:19","slug":"agb","status":"publish","type":"page","link":"https:\/\/www.landae.fr\/de\/agb\/","title":{"rendered":"AGB"},"content":{"rendered":"\n<p><\/p>\n\n\n\n<section class=\"wp-block-group alignfull has-global-padding is-layout-constrained wp-block-group-is-layout-constrained\">\n<p>Um die vom Campingplatz LANDAE angebotenen Leistungen in Anspruch nehmen zu k\u00f6nnen, bitten wir Sie, die nachstehenden Allgemeinen Gesch\u00e4ftsbedingungen aufmerksam zu lesen. Diese Bedingungen gelten f\u00fcr den Verkauf von Aufenthalten und sind zum Zeitpunkt der Bestellung g\u00fcltig. Die Buchung eines Aufenthalts setzt die vollst\u00e4ndige Zustimmung zu unseren Allgemeinen Gesch\u00e4ftsbedingungen voraus.  <\/p>\n\n\n\n<h2 class=\"wp-block-heading\">BUCHUNGSBEDINGUNGEN<\/h2>\n\n\n\n<ul class=\"wp-block-list\">\n<li>Die Reservierung wird erst mit der Zustimmung des Campingplatzes, nach Erhalt der Anzahlung und nach Erhalt entweder des vollst\u00e4ndig ausgef\u00fcllten und unterschriebenen Reservierungsvertrags oder nach Annahme der Allgemeinen Gesch\u00e4ftsbedingungen bei der Online-Reservierung wirksam.<\/li>\n\n\n\n<li>Wenn der Kunde die Anzahlung bei der Buchung oder die Restzahlung nicht sp\u00e4testens 30 Tage vor Beginn des Aufenthalts leistet, beh\u00e4lt sich der Campingplatz das Recht vor, die Buchung zu stornieren und die Unterkunft erneut zu vermieten.<\/li>\n\n\n\n<li>Der Campingplatz LANDAE bietet Familienaufenthalte im traditionellen Sinne an, die Unterk\u00fcnfte sind speziell f\u00fcr diesen Zweck konzipiert. Camping LANDAE beh\u00e4lt sich das Recht vor, Buchungen abzulehnen, die diesem Prinzip zuwiderlaufen oder es zu umgehen versuchen. <\/li>\n\n\n\n<li>Die Reservierung eines Stellplatzes oder einer Mietunterkunft erfolgt<br>streng pers\u00f6nlich. Sie d\u00fcrfen Ihre<br>Reservierung unter keinen Umst\u00e4nden ohne vorherige Zustimmung des Campingplatzes untervermieten oder abtreten. <\/li>\n\n\n\n<li>Minderj\u00e4hrige m\u00fcssen von ihren Eltern oder Erziehungsberechtigten begleitet werden.<\/li>\n<\/ul>\n\n\n\n<p><strong>Stellplatz<\/strong><br>Das Basispaket umfasst den Stellplatz f\u00fcr das Zelt, den Wohnwagen oder das Wohnmobil f\u00fcr 1 oder 2 Personen, den Zugang zu den Sanit\u00e4ranlagen und den Empfangseinrichtungen.<\/p>\n\n\n\n<p><strong>Vermietung<\/strong><\/p>\n\n\n\n<ul class=\"wp-block-list\">\n<li>Die Mietunterk\u00fcnfte sind ausgestattet. Die Grundpauschale betr\u00e4gt 2 bis 6 Pl\u00e4tze je nach Art der Mietunterkunft. <\/li>\n\n\n\n<li>Der Campingplatz beh\u00e4lt sich das Recht vor, Gruppen oder Familien den Zugang zu verweigern, die mit einer Anzahl von Teilnehmern anreisen, die die Kapazit\u00e4t der gemieteten Unterkunft \u00fcbersteigt.<\/li>\n<\/ul>\n\n\n\n<p><strong>Reservierungsgeb\u00fchren<\/strong><br>Der Campingplatz LANDAE bietet die Reservierungsgeb\u00fchren f\u00fcr Mietunterk\u00fcnfte und Stellpl\u00e4tze an.<\/p>\n\n\n\n<h2 class=\"wp-block-heading\">PREISE UND KURTAXE<\/h2>\n\n\n\n<ul class=\"wp-block-list\">\n<li>Die angegebenen Preise sind g\u00fcltig f\u00fcr alle Aufenthalte bis zum 31. Dezember 2026. Die Preise<br>gelten f\u00fcr eine Nacht und sind in Euro inklusive Mehrwertsteuer angegeben. <\/li>\n\n\n\n<li>Die Kurtaxe betr\u00e4gt 0,86\u20ac\/Person \u00fcber 18 Jahre.<\/li>\n<\/ul>\n\n\n\n<h2 class=\"wp-block-heading\">ZAHLUNGSBEDINGUNGEN<\/h2>\n\n\n\n<ul class=\"wp-block-list\">\n<li>Bei Buchungen, die mehr als 30 Tage vor Beginn des Aufenthalts get\u00e4tigt werden, muss eine Anzahlung von 25% des Preises f\u00fcr die gebuchten Leistungen bei der Buchung an Camping LANDAE geleistet werden. Der Restbetrag muss sp\u00e4testens 30 Tage vor Beginn des Aufenthalts bezahlt werden. <\/li>\n\n\n\n<li>Bei Buchungen, die weniger als 30 Tage vor Beginn des Aufenthalts get\u00e4tigt werden, muss der Gesamtbetrag zum Zeitpunkt der Buchung bezahlt werden (25% Anzahlung + Restbetrag f\u00fcr den Aufenthalt).<\/li>\n\n\n\n<li>Wenn der Kunde die Anzahlung bei der Buchung oder die Restzahlung nicht sp\u00e4testens 30 Tage vor Beginn des Aufenthalts leistet, beh\u00e4lt sich Camping LANDAE das Recht vor, die Buchung zu stornieren und die Unterkunft erneut zu vermieten. Diese Stornierung wegen Nichtzahlung f\u00fchrt nicht zu einer R\u00fcckerstattung der vom Kunden bereits gezahlten Betr\u00e4ge. <\/li>\n<\/ul>\n\n\n\n<p>KEIN WIDERRUFSRECHT<\/p>\n\n\n\n<p>Gem\u00e4\u00df Artikel L.221-28 des Verbraucherschutzgesetzes informiert der Campingplatz seine Kunden, dass der Verkauf von Unterkunftsdienstleistungen, die zu einem bestimmten Zeitpunkt oder in einer bestimmten Periodizit\u00e4t erbracht werden, nicht den Bestimmungen \u00fcber die 14-t\u00e4gige Widerrufsfrist unterliegt.<\/p>\n\n\n\n<h2 class=\"wp-block-heading\">STORNIERUNG UND \u00c4NDERUNGEN<\/h2>\n\n\n\n<p><strong>1. \u00c4nderung Ihrer Buchung<\/strong><\/p>\n\n\n\n<p>Nach Ablauf der Frist von 15 Tagen vor der Ankunft k\u00f6nnen keine \u00c4nderungsw\u00fcnsche mehr ber\u00fccksichtigt werden. Wenn die vom Kunden gew\u00fcnschte \u00c4nderung vom Campingplatz nicht akzeptiert werden kann (keine Verf\u00fcgbarkeit, Frist von 15 Tagen \u00fcberschritten&#8230;), muss der Kunde entweder seinen Aufenthalt zu den urspr\u00fcnglichen Buchungsbedingungen antreten oder ihn gem\u00e4\u00df den Stornierungsbedingungen stornieren. <\/p>\n\n\n\n<p>Eine \u00dcbertragung auf die n\u00e4chste Saison ist nicht m\u00f6glich.<\/p>\n\n\n\n<ul class=\"wp-block-list\">\n<li>Alle Antr\u00e4ge auf Verl\u00e4ngerung der Aufenthaltsdauer werden nach Verf\u00fcgbarkeit und zu den geltenden Tarifen bearbeitet.<\/li>\n\n\n\n<li>Jeder Antrag auf Verk\u00fcrzung der Aufenthaltsdauer wird als Teilstornierung betrachtet und unterliegt den Bedingungen f\u00fcr Stornierung und Unterbrechung des Aufenthalts.<\/li>\n<\/ul>\n\n\n\n<p><strong>2. Nicht genutzte Leistungen<\/strong><\/p>\n\n\n\n<p>Im Falle eines unterbrochenen oder verk\u00fcrzten Aufenthalts aus einem der folgenden Gr\u00fcnde:<\/p>\n\n\n\n<ul class=\"wp-block-list\">\n<li>Schlie\u00dfung der Grenzen durch Verwaltungsentscheidung<\/li>\n\n\n\n<li>Administrative Schlie\u00dfung des Campingplatzes<\/li>\n\n\n\n<li>Beschr\u00e4nkung der Reisen auf eine Anzahl von Kilometern durch Verwaltungsentscheidung, die es nicht erlaubt, zum Campingplatz zu kommen.<\/li>\n<\/ul>\n\n\n\n<p>Der Campingplatz stellt einen Gutschein \u00fcber den Betrag der nicht genutzten \u00dcbernachtungen aus, der ein Jahr lang g\u00fcltig ist. Wenn der Kunde diesen Gutschein nicht annimmt, kann er eine R\u00fcckerstattung des entsprechenden Betrags verlangen, abz\u00fcglich der Kosten f\u00fcr die Stornierungsgarantie, falls zutreffend. <\/p>\n\n\n\n<p>&nbsp;<strong>3. Stornierung durch den Campingplatz Landae<\/strong><\/p>\n\n\n\n<p>Im Falle einer Stornierung durch den Campingplatz, au\u00dfer im Falle h\u00f6herer Gewalt, werden die f\u00fcr die Buchung gezahlten Betr\u00e4ge vollst\u00e4ndig zur\u00fcckerstattet. Eine solche Stornierung kann jedoch nicht zu Schadensersatzanspr\u00fcchen f\u00fchren. <\/p>\n\n\n\n<p>&nbsp;<strong>4. Stornierung durch den Camper<\/strong><\/p>\n\n\n\n<p>Im Falle einer Stornierung durch den Camper gelten die folgenden Bedingungen f\u00fcr die Stornierung und R\u00fcckerstattung. Stornierungen m\u00fcssen per Post an die Postanschrift des Campingplatzes LANDAE oder per E-Mail mitgeteilt werden. Telefonisch \u00fcbermittelte Stornierungen k\u00f6nnen nicht ber\u00fccksichtigt werden. Jede Stornierung f\u00fchrt zur K\u00fcndigung der Buchung und der Campingplatz beh\u00e4lt sich das Recht vor, die Unterkunft erneut zu vermieten.   <\/p>\n\n\n\n<p>Bei einer Stornierung durch den Camper<\/p>\n\n\n\n<p><strong>Aus einem der folgenden Gr\u00fcnde und bis zum Ankunftsdatum:<\/strong><\/p>\n\n\n\n<ul class=\"wp-block-list\">\n<li>Schlie\u00dfung der Grenzen durch Verwaltungsentscheidung<\/li>\n\n\n\n<li>Administrative Schlie\u00dfung des Campingplatzes<\/li>\n\n\n\n<li>Beschr\u00e4nkung der Reisen auf eine Anzahl von Kilometern durch Verwaltungsentscheidung, die es nicht erlaubt, zum Campingplatz zu kommen.<\/li>\n<\/ul>\n\n\n\n<p>Der Campingplatz stellt einen Gutschein \u00fcber den Gesamtbetrag der gezahlten Betr\u00e4ge aus, der ein Jahr lang g\u00fcltig ist. Wenn der Kunde diesen Gutschein nicht annimmt, wird ihm auf Anfrage der entsprechende Betrag zur\u00fcckerstattet. <\/p>\n\n\n\n<p><strong>Aus anderen Gr\u00fcnden :<\/strong><\/p>\n\n\n\n<ul class=\"wp-block-list\">\n<li><strong>Fall 1: Stornierung bis zu 15 Tage vor Beginn des Aufenthaltes  <\/strong><br>Der Campingplatz beh\u00e4lt 25% des Gesamtpreises f\u00fcr den Aufenthalt als Stornierungsgeb\u00fchr ein. Die gezahlten Betr\u00e4ge, die von den Stornierungskosten abgezogen werden, werden zur\u00fcckerstattet. Wenn die Zahlung teilweise oder vollst\u00e4ndig mit einem Wertgutschein geleistet wurde, gelten die besonderen Bedingungen auf dem Wertgutschein.  <\/li>\n\n\n\n<li><strong>Fall 2: Stornierung zwischen T-14 und T-8 vor Beginn des Aufenthalts<\/strong>.<br>50% des Gesamtpreises des Aufenthalts werden vom Campingplatz als Stornierungsgeb\u00fchr einbehalten. Die gezahlten Betr\u00e4ge, die von den Stornierungskosten abgezogen werden, sind Gegenstand eines Gutscheins. Dieser Gutschein ist nicht erstattungsf\u00e4hig und hat eine G\u00fcltigkeitsdauer von einem Jahr. Er kann nicht verl\u00e4ngert werden, auch nicht im Falle einer erneuten Stornierung.   <\/li>\n\n\n\n<li><strong>Fall 3:<\/strong> <strong>Stornierung zwischen Tag 7 und dem Anreisetag<\/strong><br>Der gesamte Betrag, d.h. der gesamte Betrag f\u00fcr den Aufenthalt, wird vom Campingplatz einbehalten. Eine R\u00fcckerstattung ist nicht m\u00f6glich. Wenn der Kunde nicht innerhalb von zwei Tagen nach Beginn des Aufenthaltsdatums auf dem Campingplatz erscheint, ohne den Campingplatz vorher per Post oder E-Mail dar\u00fcber informiert zu haben, wird die Buchung als vom Kunden storniert betrachtet. Der Campingplatz beh\u00e4lt sich das Recht vor, die Unterkunft erneut zu vermieten.   <\/li>\n<\/ul>\n\n\n\n<p>Im Falle einer Stornierung des Aufenthalts kann der mit Ch\u00e8ques Vacances bezahlte Betrag gem\u00e4\u00df Artikel L.112-14 I. des Code mon\u00e9taire et financier nicht zur\u00fcckerstattet werden. In diesem Fall wird vom Campingplatz LANDAE ein nicht erstattungsf\u00e4higer Gutschein mit einer G\u00fcltigkeitsdauer von 1 Jahr ausgestellt, der auch bei einer erneuten Stornierung nicht verl\u00e4ngert werden kann und auf dem Campingplatz verwendet werden kann. <\/p>\n\n\n\n<h2 class=\"wp-block-heading\">IHR AUFENTHALT<\/h2>\n\n\n\n<p><strong>1. Ankunft<\/strong><\/p>\n\n\n\n<ul class=\"wp-block-list\">\n<li>Mietunterk\u00fcnfte: Am Tag Ihrer Ankunft werden Sie ab 16.00 Uhr empfangen und bei der Schl\u00fcssel\u00fcbergabe wird eine Kaution per Kreditkarte verlangt.<\/li>\n\n\n\n<li>Camping-Stellplatz: Am Tag Ihrer Ankunft werden Sie ab 14.00 Uhr empfangen. Eine Kaution wird per Kreditkarte verlangt. <\/li>\n<\/ul>\n\n\n\n<p><strong>2. W\u00e4hrend Ihres Aufenthalts<\/strong><\/p>\n\n\n\n<p>Es obliegt dem Camper, sich zu versichern: Der Camper ist f\u00fcr die Beaufsichtigung seiner pers\u00f6nlichen Gegenst\u00e4nde (Fahrr\u00e4der etc.) verantwortlich. Der Campingplatz lehnt jede Haftung f\u00fcr Vorf\u00e4lle ab, die unter die zivilrechtliche Haftung des Campers fallen. <\/p>\n\n\n\n<p>Alle G\u00e4ste m\u00fcssen sich an die Bestimmungen der Hausordnung halten. Nur Personen, die namentlich im Buchungsvertrag aufgef\u00fchrt sind, haben Zugang zur Anlage und ihren Einrichtungen. <\/p>\n\n\n\n<p>Alle Personen, die nicht im Buchungsvertrag aufgef\u00fchrt sind, m\u00fcssen vorher eine spezielle Genehmigung der Rezeption einholen. Jeder Mieter ist f\u00fcr St\u00f6rungen und Unannehmlichkeiten verantwortlich, die von den Personen verursacht werden, die sich bei ihm aufhalten oder ihn besuchen. <\/p>\n\n\n\n<p>&nbsp;<strong>3. Abreise<\/strong><\/p>\n\n\n\n<ul class=\"wp-block-list\">\n<li>Mietunterk\u00fcnfte: Am Tag der Abreise, der in Ihrem Vertrag angegeben ist, muss die Mietunterkunft vor 10.00 Uhr morgens verlassen werden. Die Unterkunft muss in einem sauberen Zustand zur\u00fcckgegeben werden und das Inventar kann \u00fcberpr\u00fcft werden. Alle zerbrochenen oder besch\u00e4digten Gegenst\u00e4nde gehen zu Ihren Lasten, ebenso wie die Wiederherstellung des Zustands der R\u00e4umlichkeiten, falls dies notwendig sein sollte. Die Kaution wird Ihnen am Ende des Aufenthalts zur\u00fcckerstattet, abz\u00fcglich der einbehaltenen Entsch\u00e4digungen f\u00fcr eventuelle Sch\u00e4den, die beim Verlassen des Hauses festgestellt wurden. Die Einbehaltung der Kaution schlie\u00dft eine zus\u00e4tzliche Entsch\u00e4digung nicht aus, falls die Kosten den Betrag der Kaution \u00fcbersteigen.   <\/li>\n\n\n\n<li>Camping-Stellpl\u00e4tze: Am Tag der Abreise, der auf Ihrem Vertrag angegeben ist, muss der Stellplatz vor 12.00 Uhr ger\u00e4umt sein. Der Stellplatz ist sauber zu verlassen, ohne M\u00fcll oder sonstige Abf\u00e4lle. Die Kaution wird am Ende des Aufenthalts zur\u00fcckerstattet, abz\u00fcglich der einbehaltenen Entsch\u00e4digungen f\u00fcr eventuelle Sch\u00e4den, die beim Verlassen des Campingplatzes festgestellt wurden. Die Einbehaltung der Kaution schlie\u00dft eine zus\u00e4tzliche Entsch\u00e4digung nicht aus, falls die Kosten den Betrag der Kaution \u00fcbersteigen.   <\/li>\n\n\n\n<li>Falls die Unterkunft vor Ihrer Abreise nicht gereinigt wurde, wird Ihnen eine Reinigungspauschale von mindestens \u20ac90 (inkl. MwSt.) berechnet.<\/li>\n\n\n\n<li>Bei versp\u00e4teter Abreise, au\u00dfer wenn die Option &#8222;Sp\u00e4te Abreise&#8220; angeboten und beim Campingplatz abgeschlossen wurde, kann Ihnen ein zus\u00e4tzlicher Tag zum g\u00fcltigen \u00dcbernachtungspreis in Rechnung gestellt werden.<\/li>\n<\/ul>\n\n\n\n<h2 class=\"wp-block-heading\">TIERE<\/h2>\n\n\n\n<p>Haustiere sind erlaubt (au\u00dfer Hunde der 1. und 2. Kategorie) gegen eine Geb\u00fchr, die bei der Buchung zu zahlen ist. Wenn sie erlaubt sind, m\u00fcssen sie st\u00e4ndig an der Leine gehalten werden. Sie sind in der N\u00e4he der Schwimmb\u00e4der, in den Lebensmittelgesch\u00e4ften und in den Geb\u00e4uden verboten. Der Impfpass f\u00fcr Hunde und Katzen muss auf dem neuesten Stand sein. Sie sind f\u00fcr die Tiere verantwortlich und d\u00fcrfen nicht allein in den Mietunterk\u00fcnften oder auf den Stellpl\u00e4tzen gelassen werden.    <\/p>\n\n\n\n<h2 class=\"wp-block-heading\">IMAGE<\/h2>\n\n\n\n<p>Sie erm\u00e4chtigen Camping LANDAE, Sie w\u00e4hrend Ihres Aufenthalts zu fotografieren, aufzunehmen oder zu filmen und diese Bilder, T\u00f6ne, Videos und Aufnahmen in allen Medien zu verwenden (insbesondere in den Netzwerken Facebook und Instagram &#8211; in den Pr\u00e4sentations- und Werbematerialien des Campingplatzes LANDAE). Diese Genehmigung gilt sowohl f\u00fcr Sie als auch f\u00fcr die Personen, die bei Ihnen untergebracht sind. Sie dient ausschlie\u00dflich der F\u00f6rderung und Animation des Campingplatzes LANDAE und kann in keiner Weise Ihren Ruf sch\u00e4digen. Diese Genehmigung wird kostenlos, f\u00fcr alle L\u00e4nder und f\u00fcr eine Dauer von 5 Jahren erteilt.   <\/p>\n\n\n\n<h2 class=\"wp-block-heading\">RECHTSSTREIT<\/h2>\n\n\n\n<p>Bei Feststellung eines Konformit\u00e4tsmangels oder einer Anomalie bez\u00fcglich des Mietobjekts oder des zugewiesenen Stellplatzes ist der Kunde verpflichtet, die Rezeption innerhalb von maximal 24 Stunden dar\u00fcber zu informieren.<\/p>\n\n\n\n<p>Eventuelle Beschwerden \u00fcber die Nicht\u00fcbereinstimmung der Leistungen mit den vertraglichen Verpflichtungen k\u00f6nnen per Post oder E-Mail an die Direktion des Campingplatzes gerichtet werden.<\/p>\n\n\n\n<h2 class=\"wp-block-heading\">MEDIATION<\/h2>\n\n\n\n<p>Im Falle eines Rechtsstreits haben Sie die M\u00f6glichkeit, uns wie folgt zu kontaktieren:<\/p>\n\n\n\n<ul class=\"wp-block-list\">\n<li>Senden Sie einen Brief per Einschreiben mit R\u00fcckschein an die Direktion des Campingplatzes 221 chemin de la Montagne &#8211; 40440 Ondres.<\/li>\n<\/ul>\n\n\n\n<p>Gem\u00e4\u00df den Bestimmungen des Verbraucherschutzgesetzes \u00fcber das &#8222;Verfahren zur Schlichtung von Verbraucherrechtsstreitigkeiten&#8220; haben Sie, nachdem Sie uns um Hilfe gebeten haben und keine zufriedenstellende Antwort erhalten haben, die M\u00f6glichkeit, kostenlos ein Verfahren zur Schlichtung von Verbraucherrechtsstreitigkeiten einzuleiten, und zwar bei :<\/p>\n\n\n\n<p>CM2C- 49 rue de Ponthieu &#8211; 75 008 PARIS Tel.: 01 89 47 00 14 &#8211; Website: https: <a href=\"https:\/\/www.cm2c.net\/declarer-un-litige.php\">\/\/www.cm2c.net\/declarer-un-litige.php<\/a> &#8211; Mail: <a href=\"mailto:litiges@cm2c.net\">litiges@cm2c.net<\/a><\/p>\n\n\n\n<h2 class=\"wp-block-heading\">VERANTWORTUNG DES CAMPINGPLATZES LANDAE<\/h2>\n\n\n\n<p>Der Campingplatz LANDAE bem\u00fcht sich, die auf der Website des Campingplatzes ver\u00f6ffentlichten Informationen \u00fcber den Standort des Gastgebers, insbesondere die Pr\u00e4sentationsfotos, die Qualifikationen, die Aktivit\u00e4ten, die Freizeit, die Dienstleistungen und die Betriebsdaten, auf dem neuesten Stand zu halten. Da diese Informationen jedoch zum Teil von Partnern oder Dritten zur Verf\u00fcgung gestellt werden, kann Camping LANDAE nicht garantieren, dass sie jederzeit genau, aktuell und vollst\u00e4ndig sind. Der Campingplatz LANDAE ist in dieser Hinsicht nur zu einer Mittelverpflichtung verpflichtet.  <\/p>\n\n\n\n<p>Wenn Sie Fragen haben oder weitere Informationen ben\u00f6tigen, wenden Sie sich bitte an den Campingplatz.<\/p>\n\n\n\n<h2 class=\"wp-block-heading\">COMPUTER UND FREIHEIT<\/h2>\n\n\n\n<p>Die Informationen, die Sie uns im Zusammenhang mit Ihrer Bestellung mitteilen, werden nicht an Dritte weitergegeben. Diese Informationen werden vom Campingplatz LANDAE als vertraulich behandelt. Sie werden ausschlie\u00dflich von den internen Abteilungen des Campingplatzes verwendet, um Ihre Bestellung zu bearbeiten und um die Kommunikation und das Angebot an Dienstleistungen f\u00fcr die Kunden des Campingplatzes entsprechend Ihren Interessensgebieten zu verst\u00e4rken und zu personalisieren. Gem\u00e4\u00df dem Datenschutzgesetz vom 6. Januar 1978 haben Sie ein Recht auf Zugang, Berichtigung und Widerspruch zu den Sie betreffenden pers\u00f6nlichen Daten. Hierzu gen\u00fcgt es, uns einen entsprechenden Antrag per Post an folgende Adresse zu senden, wobei Sie uns Ihren Namen, Vornamen und Ihre Adresse mitteilen:    <\/p>\n\n\n\n<p>Campingplatz LANDAE<br>221 chemin de la Montagne<br>40440 Ondres<br>N\u00b0SIRET: 92207455400028<br><\/p>\n\n\n\n<p>In Anwendung von Artikel L.223-2 des Verbraucherschutzgesetzes erinnern wir Sie daran, dass Sie, wenn Sie nicht mehr Gegenstand von kommerzieller Telefonwerbung sein m\u00f6chten, die M\u00f6glichkeit haben, sich kostenlos \u00fcber die Internetseite <a href=\"http:\/\/www.bloctel.gouv.fr\/\">bloctel.gouv.fr<\/a> in die Liste zur Ablehnung von Telefonwerbung einzutragen. Diese Liste ist f\u00fcr alle Gewerbetreibenden verbindlich, mit denen Sie nicht in einer laufenden Vertragsbeziehung stehen. <\/p>\n\n\n\n<p><\/p>\n<\/section>\n","protected":false},"excerpt":{"rendered":"<p>Um die vom Campingplatz LANDAE angebotenen Leistungen in Anspruch nehmen zu k\u00f6nnen, bitten wir Sie, die nachstehenden Allgemeinen Gesch\u00e4ftsbedingungen aufmerksam zu lesen. Diese Bedingungen gelten f\u00fcr den Verkauf von Aufenthalten und sind zum Zeitpunkt der Bestellung g\u00fcltig. Die Buchung eines Aufenthalts setzt die vollst\u00e4ndige Zustimmung zu unseren Allgemeinen Gesch\u00e4ftsbedingungen voraus. BUCHUNGSBEDINGUNGEN StellplatzDas Basispaket umfasst den [&hellip;]<\/p>\n","protected":false},"author":1,"featured_media":303,"parent":0,"menu_order":0,"comment_status":"closed","ping_status":"closed","template":"","meta":{"_acf_changed":false,"_seopress_robots_primary_cat":"","_seopress_titles_title":"","_seopress_titles_desc":"","_seopress_robots_index":"","footnotes":""},"class_list":["post-2592","page","type-page","status-publish","has-post-thumbnail"],"acf":[],"_links":{"self":[{"href":"https:\/\/www.landae.fr\/de\/wp-json\/wp\/v2\/pages\/2592","targetHints":{"allow":["GET"]}}],"collection":[{"href":"https:\/\/www.landae.fr\/de\/wp-json\/wp\/v2\/pages"}],"about":[{"href":"https:\/\/www.landae.fr\/de\/wp-json\/wp\/v2\/types\/page"}],"author":[{"embeddable":true,"href":"https:\/\/www.landae.fr\/de\/wp-json\/wp\/v2\/users\/1"}],"replies":[{"embeddable":true,"href":"https:\/\/www.landae.fr\/de\/wp-json\/wp\/v2\/comments?post=2592"}],"version-history":[{"count":0,"href":"https:\/\/www.landae.fr\/de\/wp-json\/wp\/v2\/pages\/2592\/revisions"}],"wp:featuredmedia":[{"embeddable":true,"href":"https:\/\/www.landae.fr\/de\/wp-json\/wp\/v2\/media\/303"}],"wp:attachment":[{"href":"https:\/\/www.landae.fr\/de\/wp-json\/wp\/v2\/media?parent=2592"}],"curies":[{"name":"wp","href":"https:\/\/api.w.org\/{rel}","templated":true}]}}